{"id":126272,"date":"2024-12-18T17:09:53","date_gmt":"2024-12-18T22:09:53","guid":{"rendered":"https:\/\/latam.cognita.network\/gimnorte-v2\/?page_id=126272"},"modified":"2026-03-03T16:56:29","modified_gmt":"2026-03-03T21:56:29","slug":"politicas-2","status":"publish","type":"page","link":"https:\/\/csfr.edu.co\/es\/politicas-2\/","title":{"rendered":"Pol\u00edticas"},"content":{"rendered":"\t\t<div data-elementor-type=\"wp-page\" data-elementor-id=\"126272\" class=\"elementor elementor-126272\" data-elementor-post-type=\"page\">\n\t\t\t\t<div class=\"elementor-element elementor-element-10999f19 e-con-full e-flex e-con e-child\" data-id=\"10999f19\" data-element_type=\"container\" data-e-type=\"container\" data-settings=\"{&quot;background_background&quot;:&quot;classic&quot;}\">\n\t\t\t\t<div class=\"elementor-element elementor-element-64596326 elementor-widget elementor-widget-image\" data-id=\"64596326\" data-element_type=\"widget\" data-e-type=\"widget\" data-widget_type=\"image.default\">\n\t\t\t\t<div class=\"elementor-widget-container\">\n\t\t\t\t\t\t\t\t\t\t\t\t\t\t\t<img decoding=\"async\" src=\"https:\/\/csfr.edu.co\/wp-content\/uploads\/sites\/30\/2025\/03\/Policies.jpg?w=2048\" title=\"Policies\" alt=\"Policies\" loading=\"lazy\" \/>\t\t\t\t\t\t\t\t\t\t\t\t\t\t\t<\/div>\n\t\t\t\t<\/div>\n\t\t\t\t<\/div>\n\t\t<div class=\"elementor-element elementor-element-ee46959 e-flex e-con-boxed e-con e-parent\" data-id=\"ee46959\" data-element_type=\"container\" data-e-type=\"container\">\n\t\t\t\t\t<div class=\"e-con-inner\">\n\t\t\t\t<div class=\"elementor-element elementor-element-f43d962 elementor-widget elementor-widget-text-editor\" data-id=\"f43d962\" data-element_type=\"widget\" data-e-type=\"widget\" data-widget_type=\"text-editor.default\">\n\t\t\t\t<div class=\"elementor-widget-container\">\n\t\t\t\t\t\t\t\t\t<ul><li><a href=\"https:\/\/csfr.edu.co\/wp-content\/uploads\/sites\/30\/2025\/08\/GA-DI-CSFR-01-PEI-Y-MC-2025-2026.docx.pdf\">PROYECTO EDUCATIVO INSTITUCIONAL 2025-2026 (MANUAL CONVIVENCIA Y PEI GA-DI-CSFR-01 PEI Y MC 2025-2026)<\/a><\/li><li><a href=\"https:\/\/csfr.edu.co\/wp-content\/uploads\/sites\/30\/2026\/03\/GUIA-COMPLETA-FINAL-IB-2025.pdf\">GU\u00cdA COMPLETA FINAL IB &#8211; 2025<\/a><\/li><li><a href=\"https:\/\/csfr.edu.co\/wp-content\/uploads\/sites\/30\/2025\/10\/HS-PL-RED-01-Politica-Health-and-Safety.-V3.pdf\">Pol\u00edtica Health and Safety<\/a><\/li><li><a href=\"https:\/\/csfr.edu.co\/wp-content\/uploads\/sites\/30\/2025\/02\/HS-PL-RED-02-Politica-Primeros-Auxilios.-V3.pdf\">Pol\u00edtica Primeros Auxilios<\/a><\/li><li><a href=\"https:\/\/csfr.edu.co\/wp-content\/uploads\/sites\/30\/2025\/10\/PLAN-ESCOLAR-DE-GESTION-DEL-RIESGO-2025.pdf\">PLAN GESTION DEL RIESGO 2025<\/a><\/li><li><a href=\"https:\/\/csfr.edu.co\/wp-content\/uploads\/sites\/30\/2026\/03\/POLITICA-DE-ADMISIONES-Act.-Ago-2025.docx.pdf\">POLITICA DE ADMISIONES Act. Ago 2025<\/a><\/li><li><a href=\"https:\/\/csfr.edu.co\/wp-content\/uploads\/sites\/30\/2026\/03\/POLITICA-Acceso-e-inclusion-Ago-2025-pdf.docx.pdf\"><strong>POLITICA Acceso e inclusi\u00f3n Ago 2025<\/strong><\/a><\/li><li><a href=\"https:\/\/csfr.edu.co\/wp-content\/uploads\/sites\/30\/2026\/03\/POLITICA-DE-EVALUACION-ago-2025.docx.pdf\">POLITICA DE EVALUACION ago 2025<\/a><\/li><li><a href=\"https:\/\/csfr.edu.co\/wp-content\/uploads\/sites\/30\/2026\/03\/POLITICA-DE-PROBIDAD-E-INTEGRIDAD-ACADEMICA-Ago.-2025.docx.pdf\">POLITICA DE PROBIDAD E INTEGRIDAD ACADEMICA Ago. 2025<\/a><\/li><li><a href=\"https:\/\/csfr.edu.co\/wp-content\/uploads\/sites\/30\/2026\/03\/POLITICA-LINGUISTICA-Ago-2025.docx.pdf\">POLITICA LINGUISTICA Ago 2025<\/a><\/li><li><a href=\"https:\/\/csfr.edu.co\/wp-content\/uploads\/sites\/30\/2025\/02\/POLITICA-NECESIDADES-EDUCATIVAS-ESPECIALES-Ago-2023-pdf.pdf\">POLITICA NECESIDADES EDUCATIVAS ESPECIALES Ago 2023 pdf<\/a><\/li><li><a href=\"https:\/\/csfr.edu.co\/wp-content\/uploads\/sites\/30\/2025\/10\/SGC_Redcol_2023.pdf\">POL\u00cdTICA SISTEMA DE GESTI\u00d3N DE CALIDAD.<\/a><\/li><li><a href=\"https:\/\/csfr.edu.co\/wp-content\/uploads\/sites\/30\/2025\/02\/Reglamento-UNCOLI-Deportes.pdf\">Reglamento UNCOLI &#8211; Deportes<\/a><\/li><li><a href=\"https:\/\/csfr.edu.co\/wp-content\/uploads\/sites\/30\/2025\/02\/Rutas-de-atencion.pdf\">Rutas de atencio\u0301n<\/a><\/li><li><a href=\"https:\/\/csfr.edu.co\/wp-content\/uploads\/sites\/30\/2025\/02\/SG-PL-RED-01-Politica-salvaguarda-y-proteccion-infantil-CSFR.docx-1.pdf\">SG-PL-RED-01 Poli\u0301tica salvaguarda y proteccio\u0301n infantil CSFR.docx<\/a><\/li><li><a href=\"https:\/\/csfr.edu.co\/wp-content\/uploads\/sites\/30\/2025\/02\/SG-PL-RED-02-Politica-codigo-de-conducta.pdf\">SG-PL-RED-02 Poli\u0301tica co\u0301digo de conducta<\/a><\/li><li><a href=\"https:\/\/csfr.edu.co\/wp-content\/uploads\/sites\/30\/2025\/02\/SG-PL-RED-03-Politica-de-Uso-Aceptable-de-la-tecnologia-de-la-informacion-y-la-comunicacion-1-1.pdf\">SG-PL-RED-03 Poli\u0301tica de Uso Aceptable de la tecnologi\u0301a de la informacio\u0301n y la comunicacio\u0301n (1)<\/a><\/li><li><a href=\"https:\/\/csfr.edu.co\/wp-content\/uploads\/sites\/30\/2025\/02\/SG-PL-RED-04-Politica-de-cuidados-intimos.docx.pdf\">SG-PL-RED-04 Poli\u0301tica de cuidados i\u0301ntimos.docx<\/a><\/li><li><a href=\"https:\/\/csfr.edu.co\/wp-content\/uploads\/sites\/30\/2025\/02\/SG-PL-RED-07-Redcol-Colombia-politica-de-asistencia.pdf\">SG-PL-RED-07 Redcol Colombia poli\u0301tica de asistencia<\/a><\/li><li><a href=\"https:\/\/csfr.edu.co\/wp-content\/uploads\/sites\/30\/2025\/02\/SG-P-RED-05-Politica-salidas-pedagogicas.pdf\">SG-P-RED-05 Poli\u0301tica salidas pedago\u0301gicas<\/a><\/li><li><a href=\"https:\/\/csfr.edu.co\/wp-content\/uploads\/sites\/30\/2025\/02\/SG-P-RED-06-CORED_POL_Bienestar-y-salud-mental_Version-Colombia-190224.pdf\">SG-P-RED-06 CORED_POL_Bienestar y salud mental_Versio\u0301n Colombia 190224<\/a><\/li><li><a href=\"https:\/\/csfr.edu.co\/wp-content\/uploads\/sites\/30\/2025\/02\/SST-PL-RED-01-Politica-de-Seguridad-y-Salud-en-el-Trabajo.-V3.pdf\">SST-PL-RED-01 Poli\u0301tica de Seguridad y Salud en el Trabajo. V3<\/a><\/li><li><a href=\"https:\/\/csfr.edu.co\/wp-content\/uploads\/sites\/30\/2025\/02\/SST-PL-RED-02-Reglamento-de-Higiene-y-Seguridad.-V2.pdf\">SST-PL-RED-02 Reglamento de Higiene y Seguridad. V2<\/a><\/li><li><a href=\"https:\/\/csfr.edu.co\/wp-content\/uploads\/sites\/30\/2025\/02\/TH-PL-RED-02-Politica-para-la-prevencion-del-acoso-laboral.-V3.pdf\">TH-PL-RED-02 Pol\u00edtica para la prevenci\u00f3n del acoso laboral. V3<\/a><\/li><li><a href=\"https:\/\/csfr.edu.co\/wp-content\/uploads\/sites\/30\/2025\/02\/TH-PL-RED-03-Politica-de-cero-tolerancia-con-bebidas-alcoholicas-tabaco-y-sustancias-alucinogenas-V3.pdf\">TH-PL-RED-03 Poli\u0301tica de cero tolerancia con bebidas alcoho\u0301licas, tabaco y sustancias alucino\u0301genas V3<\/a><\/li><li><a href=\"https:\/\/csfr.edu.co\/wp-content\/uploads\/sites\/30\/2025\/02\/V3.-CSFR-Politica-de-uso-de-dipositivos-moviles-14-junio.pdf\">Pol\u00edtica del uso de dispositivos m\u00f3viles Colegio Santa Francisca Romana A\u00f1o 2024-2025<\/a><\/li><li><a href=\"https:\/\/csfr.edu.co\/wp-content\/uploads\/sites\/30\/2025\/11\/RESOLUCION-01-0025-DEL-28-DE-MAYO-DEL-2025-TARIFAS.pdf\" target=\"_blank\" rel=\"noopener\">RESOLUCI\u00d3N N\u00daMERO 01-0025 DEL 28 DE MAYO DEL 2025<\/a><\/li><\/ul>\t\t\t\t\t\t\t\t<\/div>\n\t\t\t\t<\/div>\n\t\t\t\t\t<\/div>\n\t\t\t\t<\/div>\n\t\t<div class=\"elementor-element elementor-element-2f292e20 e-flex e-con-boxed e-con e-parent\" data-id=\"2f292e20\" data-element_type=\"container\" data-e-type=\"container\" data-settings=\"{&quot;background_background&quot;:&quot;classic&quot;}\">\n\t\t\t\t\t<div class=\"e-con-inner\">\n\t\t<div class=\"elementor-element elementor-element-507a9226 e-flex e-con-boxed e-con e-child\" data-id=\"507a9226\" data-element_type=\"container\" data-e-type=\"container\">\n\t\t\t\t\t<div class=\"e-con-inner\">\n\t\t<div class=\"elementor-element elementor-element-6894b7d7 e-flex e-con-boxed e-con e-child\" data-id=\"6894b7d7\" data-element_type=\"container\" data-e-type=\"container\">\n\t\t\t\t\t<div class=\"e-con-inner\">\n\t\t\t\t<div class=\"elementor-element elementor-element-40af95ec elementor-widget elementor-widget-heading\" data-id=\"40af95ec\" data-element_type=\"widget\" data-e-type=\"widget\" data-widget_type=\"heading.default\">\n\t\t\t\t<div class=\"elementor-widget-container\">\n\t\t\t\t\t<h2 class=\"elementor-heading-title elementor-size-default\">Siguientes pasos<\/h2>\t\t\t\t<\/div>\n\t\t\t\t<\/div>\n\t\t<div class=\"elementor-element elementor-element-142a4d1f e-con-full e-flex e-con e-child\" data-id=\"142a4d1f\" data-element_type=\"container\" data-e-type=\"container\" data-settings=\"{&quot;background_background&quot;:&quot;classic&quot;}\">\n\t\t\t\t<div class=\"elementor-element elementor-element-4db37cb6 elementor-align-left elementor-widget__width-inherit elementor-widget elementor-widget-button\" data-id=\"4db37cb6\" data-element_type=\"widget\" data-e-type=\"widget\" data-widget_type=\"button.default\">\n\t\t\t\t<div class=\"elementor-widget-container\">\n\t\t\t\t\t\t\t\t\t<div class=\"elementor-button-wrapper\">\n\t\t\t\t\t<a class=\"elementor-button elementor-button-link elementor-size-xl\" href=\"https:\/\/csfr.edu.co\/es\/admisiones\/\">\n\t\t\t\t\t\t<span class=\"elementor-button-content-wrapper\">\n\t\t\t\t\t\t<span class=\"elementor-button-icon\">\n\t\t\t\t<svg aria-hidden=\"true\" class=\"e-font-icon-svg e-fas-user-friends\" viewBox=\"0 0 640 512\" xmlns=\"http:\/\/www.w3.org\/2000\/svg\"><path d=\"M192 256c61.9 0 112-50.1 112-112S253.9 32 192 32 80 82.1 80 144s50.1 112 112 112zm76.8 32h-8.3c-20.8 10-43.9 16-68.5 16s-47.6-6-68.5-16h-8.3C51.6 288 0 339.6 0 403.2V432c0 26.5 21.5 48 48 48h288c26.5 0 48-21.5 48-48v-28.8c0-63.6-51.6-115.2-115.2-115.2zM480 256c53 0 96-43 96-96s-43-96-96-96-96 43-96 96 43 96 96 96zm48 32h-3.8c-13.9 4.8-28.6 8-44.2 8s-30.3-3.2-44.2-8H432c-20.4 0-39.2 5.9-55.7 15.4 24.4 26.3 39.7 61.2 39.7 99.8v38.4c0 2.2-.5 4.3-.6 6.4H592c26.5 0 48-21.5 48-48 0-61.9-50.1-112-112-112z\"><\/path><\/svg>\t\t\t<\/span>\n\t\t\t\t\t\t\t\t\t<span class=\"elementor-button-text\">Admisiones<\/span>\n\t\t\t\t\t<\/span>\n\t\t\t\t\t<\/a>\n\t\t\t\t<\/div>\n\t\t\t\t\t\t\t\t<\/div>\n\t\t\t\t<\/div>\n\t\t\t\t<div class=\"elementor-element elementor-element-1fc18648 elementor-align-left elementor-widget__width-inherit elementor-widget elementor-widget-button\" data-id=\"1fc18648\" data-element_type=\"widget\" data-e-type=\"widget\" data-widget_type=\"button.default\">\n\t\t\t\t<div class=\"elementor-widget-container\">\n\t\t\t\t\t\t\t\t\t<div class=\"elementor-button-wrapper\">\n\t\t\t\t\t<a class=\"elementor-button elementor-button-link elementor-size-xl\" href=\"https:\/\/csfr.edu.co\/es\/curriculos-internacionales\/\">\n\t\t\t\t\t\t<span class=\"elementor-button-content-wrapper\">\n\t\t\t\t\t\t<span class=\"elementor-button-icon\">\n\t\t\t\t<svg aria-hidden=\"true\" class=\"e-font-icon-svg e-fas-map-marked-alt\" viewBox=\"0 0 576 512\" xmlns=\"http:\/\/www.w3.org\/2000\/svg\"><path d=\"M288 0c-69.59 0-126 56.41-126 126 0 56.26 82.35 158.8 113.9 196.02 6.39 7.54 17.82 7.54 24.2 0C331.65 284.8 414 182.26 414 126 414 56.41 357.59 0 288 0zm0 168c-23.2 0-42-18.8-42-42s18.8-42 42-42 42 18.8 42 42-18.8 42-42 42zM20.12 215.95A32.006 32.006 0 0 0 0 245.66v250.32c0 11.32 11.43 19.06 21.94 14.86L160 448V214.92c-8.84-15.98-16.07-31.54-21.25-46.42L20.12 215.95zM288 359.67c-14.07 0-27.38-6.18-36.51-16.96-19.66-23.2-40.57-49.62-59.49-76.72v182l192 64V266c-18.92 27.09-39.82 53.52-59.49 76.72-9.13 10.77-22.44 16.95-36.51 16.95zm266.06-198.51L416 224v288l139.88-55.95A31.996 31.996 0 0 0 576 426.34V176.02c0-11.32-11.43-19.06-21.94-14.86z\"><\/path><\/svg>\t\t\t<\/span>\n\t\t\t\t\t\t\t\t\t<span class=\"elementor-button-text\">Curr\u00edculos internacionales<\/span>\n\t\t\t\t\t<\/span>\n\t\t\t\t\t<\/a>\n\t\t\t\t<\/div>\n\t\t\t\t\t\t\t\t<\/div>\n\t\t\t\t<\/div>\n\t\t\t\t<div class=\"elementor-element elementor-element-5c8f89cc elementor-align-left elementor-widget__width-inherit elementor-widget elementor-widget-button\" data-id=\"5c8f89cc\" data-element_type=\"widget\" data-e-type=\"widget\" data-widget_type=\"button.default\">\n\t\t\t\t<div class=\"elementor-widget-container\">\n\t\t\t\t\t\t\t\t\t<div class=\"elementor-button-wrapper\">\n\t\t\t\t\t<a class=\"elementor-button elementor-button-link elementor-size-xl\" href=\"https:\/\/csfr.edu.co\/bienestar\/\">\n\t\t\t\t\t\t<span class=\"elementor-button-content-wrapper\">\n\t\t\t\t\t\t<span class=\"elementor-button-icon\">\n\t\t\t\t<svg aria-hidden=\"true\" class=\"e-font-icon-svg e-fas-award\" viewBox=\"0 0 384 512\" xmlns=\"http:\/\/www.w3.org\/2000\/svg\"><path d=\"M97.12 362.63c-8.69-8.69-4.16-6.24-25.12-11.85-9.51-2.55-17.87-7.45-25.43-13.32L1.2 448.7c-4.39 10.77 3.81 22.47 15.43 22.03l52.69-2.01L105.56 507c8 8.44 22.04 5.81 26.43-4.96l52.05-127.62c-10.84 6.04-22.87 9.58-35.31 9.58-19.5 0-37.82-7.59-51.61-21.37zM382.8 448.7l-45.37-111.24c-7.56 5.88-15.92 10.77-25.43 13.32-21.07 5.64-16.45 3.18-25.12 11.85-13.79 13.78-32.12 21.37-51.62 21.37-12.44 0-24.47-3.55-35.31-9.58L252 502.04c4.39 10.77 18.44 13.4 26.43 4.96l36.25-38.28 52.69 2.01c11.62.44 19.82-11.27 15.43-22.03zM263 340c15.28-15.55 17.03-14.21 38.79-20.14 13.89-3.79 24.75-14.84 28.47-28.98 7.48-28.4 5.54-24.97 25.95-45.75 10.17-10.35 14.14-25.44 10.42-39.58-7.47-28.38-7.48-24.42 0-52.83 3.72-14.14-.25-29.23-10.42-39.58-20.41-20.78-18.47-17.36-25.95-45.75-3.72-14.14-14.58-25.19-28.47-28.98-27.88-7.61-24.52-5.62-44.95-26.41-10.17-10.35-25-14.4-38.89-10.61-27.87 7.6-23.98 7.61-51.9 0-13.89-3.79-28.72.25-38.89 10.61-20.41 20.78-17.05 18.8-44.94 26.41-13.89 3.79-24.75 14.84-28.47 28.98-7.47 28.39-5.54 24.97-25.95 45.75-10.17 10.35-14.15 25.44-10.42 39.58 7.47 28.36 7.48 24.4 0 52.82-3.72 14.14.25 29.23 10.42 39.59 20.41 20.78 18.47 17.35 25.95 45.75 3.72 14.14 14.58 25.19 28.47 28.98C104.6 325.96 106.27 325 121 340c13.23 13.47 33.84 15.88 49.74 5.82a39.676 39.676 0 0 1 42.53 0c15.89 10.06 36.5 7.65 49.73-5.82zM97.66 175.96c0-53.03 42.24-96.02 94.34-96.02s94.34 42.99 94.34 96.02-42.24 96.02-94.34 96.02-94.34-42.99-94.34-96.02z\"><\/path><\/svg>\t\t\t<\/span>\n\t\t\t\t\t\t\t\t\t<span class=\"elementor-button-text\">Bienestar<\/span>\n\t\t\t\t\t<\/span>\n\t\t\t\t\t<\/a>\n\t\t\t\t<\/div>\n\t\t\t\t\t\t\t\t<\/div>\n\t\t\t\t<\/div>\n\t\t\t\t<\/div>\n\t\t\t\t\t<\/div>\n\t\t\t\t<\/div>\n\t\t\t\t\t<\/div>\n\t\t\t\t<\/div>\n\t\t\t\t\t<\/div>\n\t\t\t\t<\/div>\n\t\t\t\t<\/div>\n\t\t","protected":false},"excerpt":{"rendered":"<p>PROYECTO EDUCATIVO INSTITUCIONAL 2025-2026 (MANUAL CONVIVENCIA Y PEI GA-DI-CSFR-01 PEI Y MC 2025-2026) GU\u00cdA COMPLETA FINAL IB &#8211; 2025 Pol\u00edtica Health and Safety Pol\u00edtica Primeros Auxilios PLAN GESTION DEL RIESGO [&hellip;]<\/p>\n","protected":false},"author":14,"featured_media":0,"parent":0,"menu_order":0,"comment_status":"closed","ping_status":"closed","template":"","meta":{"_acf_changed":false,"content-type":"","footnotes":""},"class_list":["post-126272","page","type-page","status-publish","hentry"],"acf":[],"yoast_head":"<!-- This site is optimized with the Yoast SEO plugin v27.1.1 - https:\/\/yoast.com\/product\/yoast-seo-wordpress\/ -->\n<title>Pol\u00edticas - Colegio Santa Francisca Romana: J\u00f3venes innovadoras | Colegios RedCol<\/title>\n<meta name=\"robots\" content=\"index, follow, max-snippet:-1, max-image-preview:large, max-video-preview:-1\" \/>\n<link rel=\"canonical\" href=\"https:\/\/csfr.edu.co\/es\/politicas-2\/\" \/>\n<meta property=\"og:locale\" content=\"es_ES\" \/>\n<meta property=\"og:type\" content=\"article\" \/>\n<meta property=\"og:title\" content=\"Pol\u00edticas - Colegio Santa Francisca Romana: J\u00f3venes innovadoras | Colegios RedCol\" \/>\n<meta property=\"og:description\" content=\"PROYECTO EDUCATIVO INSTITUCIONAL 2025-2026 (MANUAL CONVIVENCIA Y PEI GA-DI-CSFR-01 PEI Y MC 2025-2026) GU\u00cdA COMPLETA FINAL IB &#8211; 2025 Pol\u00edtica Health and Safety Pol\u00edtica Primeros Auxilios PLAN GESTION DEL RIESGO [&hellip;]\" \/>\n<meta property=\"og:url\" content=\"https:\/\/csfr.edu.co\/es\/politicas-2\/\" \/>\n<meta property=\"og:site_name\" content=\"Colegio Santa Francisca Romana: J\u00f3venes innovadoras | Colegios RedCol\" \/>\n<meta property=\"article:publisher\" content=\"https:\/\/www.facebook.com\/ColSantaFranciscaRomana\/\" \/>\n<meta property=\"article:modified_time\" content=\"2026-03-03T21:56:29+00:00\" \/>\n<meta property=\"og:image\" content=\"https:\/\/csfr.edu.co\/wp-content\/uploads\/sites\/30\/2025\/03\/Policies.jpg?w=2048\" \/>\n<meta name=\"twitter:card\" content=\"summary_large_image\" \/>\n<meta name=\"twitter:label1\" content=\"Tiempo de lectura\" \/>\n\t<meta name=\"twitter:data1\" content=\"2 minutos\" \/>\n<script type=\"application\/ld+json\" class=\"yoast-schema-graph\">{\"@context\":\"https:\/\/schema.org\",\"@graph\":[{\"@type\":\"WebPage\",\"@id\":\"https:\/\/csfr.edu.co\/es\/politicas-2\/\",\"url\":\"https:\/\/csfr.edu.co\/es\/politicas-2\/\",\"name\":\"Pol\u00edticas - Colegio Santa Francisca Romana: J\u00f3venes innovadoras | Colegios RedCol\",\"isPartOf\":{\"@id\":\"https:\/\/csfr.edu.co\/es\/#website\"},\"primaryImageOfPage\":{\"@id\":\"https:\/\/csfr.edu.co\/es\/politicas-2\/#primaryimage\"},\"image\":{\"@id\":\"https:\/\/csfr.edu.co\/es\/politicas-2\/#primaryimage\"},\"thumbnailUrl\":\"https:\/\/csfr.edu.co\/wp-content\/uploads\/sites\/30\/2025\/03\/Policies.jpg?w=2048\",\"datePublished\":\"2024-12-18T22:09:53+00:00\",\"dateModified\":\"2026-03-03T21:56:29+00:00\",\"breadcrumb\":{\"@id\":\"https:\/\/csfr.edu.co\/es\/politicas-2\/#breadcrumb\"},\"inLanguage\":\"es\",\"potentialAction\":[{\"@type\":\"ReadAction\",\"target\":[\"https:\/\/csfr.edu.co\/es\/politicas-2\/\"]}]},{\"@type\":\"ImageObject\",\"inLanguage\":\"es\",\"@id\":\"https:\/\/csfr.edu.co\/es\/politicas-2\/#primaryimage\",\"url\":\"https:\/\/csfr.edu.co\/wp-content\/uploads\/sites\/30\/2025\/03\/Policies.jpg?w=2048\",\"contentUrl\":\"https:\/\/csfr.edu.co\/wp-content\/uploads\/sites\/30\/2025\/03\/Policies.jpg?w=2048\"},{\"@type\":\"BreadcrumbList\",\"@id\":\"https:\/\/csfr.edu.co\/es\/politicas-2\/#breadcrumb\",\"itemListElement\":[{\"@type\":\"ListItem\",\"position\":1,\"name\":\"Home\",\"item\":\"https:\/\/csfr.edu.co\/es\/\"},{\"@type\":\"ListItem\",\"position\":2,\"name\":\"Pol\u00edticas\"}]},{\"@type\":\"WebSite\",\"@id\":\"https:\/\/csfr.edu.co\/es\/#website\",\"url\":\"https:\/\/csfr.edu.co\/es\/\",\"name\":\"Colegio Santa Francisca Romana: J\u00f3venes innovadoras | Colegios RedCol\",\"description\":\"El Colegio inspira a sus estudiantes a cultivar su ser interior y a que puedan descubrir su propia luz.\",\"publisher\":{\"@id\":\"https:\/\/csfr.edu.co\/es\/#organization\"},\"potentialAction\":[{\"@type\":\"SearchAction\",\"target\":{\"@type\":\"EntryPoint\",\"urlTemplate\":\"https:\/\/csfr.edu.co\/es\/?s={search_term_string}\"},\"query-input\":{\"@type\":\"PropertyValueSpecification\",\"valueRequired\":true,\"valueName\":\"search_term_string\"}}],\"inLanguage\":\"es\"},{\"@type\":\"Organization\",\"@id\":\"https:\/\/csfr.edu.co\/es\/#organization\",\"name\":\"Colegio Santa Francisca Romana: J\u00f3venes innovadoras | Colegios RedCol\",\"url\":\"https:\/\/csfr.edu.co\/es\/\",\"logo\":{\"@type\":\"ImageObject\",\"inLanguage\":\"es\",\"@id\":\"https:\/\/csfr.edu.co\/es\/#\/schema\/logo\/image\/\",\"url\":\"https:\/\/csfr.edu.co\/wp-content\/uploads\/sites\/30\/2024\/11\/Logo_Santa_Francisca_Romana.png\",\"contentUrl\":\"https:\/\/csfr.edu.co\/wp-content\/uploads\/sites\/30\/2024\/11\/Logo_Santa_Francisca_Romana.png\",\"width\":808,\"height\":389,\"caption\":\"Colegio Santa Francisca Romana: J\u00f3venes innovadoras | Colegios RedCol\"},\"image\":{\"@id\":\"https:\/\/csfr.edu.co\/es\/#\/schema\/logo\/image\/\"},\"sameAs\":[\"https:\/\/www.facebook.com\/ColSantaFranciscaRomana\/\",\"https:\/\/www.youtube.com\/channel\/UCH3xQUBr8q9Os2LGGVWVnLg\"]}]}<\/script>\n<!-- \/ Yoast SEO plugin. -->","yoast_head_json":{"title":"Pol\u00edticas - Colegio Santa Francisca Romana: J\u00f3venes innovadoras | Colegios RedCol","robots":{"index":"index","follow":"follow","max-snippet":"max-snippet:-1","max-image-preview":"max-image-preview:large","max-video-preview":"max-video-preview:-1"},"canonical":"https:\/\/csfr.edu.co\/es\/politicas-2\/","og_locale":"es_ES","og_type":"article","og_title":"Pol\u00edticas - Colegio Santa Francisca Romana: J\u00f3venes innovadoras | Colegios RedCol","og_description":"PROYECTO EDUCATIVO INSTITUCIONAL 2025-2026 (MANUAL CONVIVENCIA Y PEI GA-DI-CSFR-01 PEI Y MC 2025-2026) GU\u00cdA COMPLETA FINAL IB &#8211; 2025 Pol\u00edtica Health and Safety Pol\u00edtica Primeros Auxilios PLAN GESTION DEL RIESGO [&hellip;]","og_url":"https:\/\/csfr.edu.co\/es\/politicas-2\/","og_site_name":"Colegio Santa Francisca Romana: J\u00f3venes innovadoras | Colegios RedCol","article_publisher":"https:\/\/www.facebook.com\/ColSantaFranciscaRomana\/","article_modified_time":"2026-03-03T21:56:29+00:00","og_image":[{"url":"https:\/\/csfr.edu.co\/wp-content\/uploads\/sites\/30\/2025\/03\/Policies.jpg?w=2048","type":"","width":"","height":""}],"twitter_card":"summary_large_image","twitter_misc":{"Tiempo de lectura":"2 minutos"},"schema":{"@context":"https:\/\/schema.org","@graph":[{"@type":"WebPage","@id":"https:\/\/csfr.edu.co\/es\/politicas-2\/","url":"https:\/\/csfr.edu.co\/es\/politicas-2\/","name":"Pol\u00edticas - Colegio Santa Francisca Romana: J\u00f3venes innovadoras | Colegios RedCol","isPartOf":{"@id":"https:\/\/csfr.edu.co\/es\/#website"},"primaryImageOfPage":{"@id":"https:\/\/csfr.edu.co\/es\/politicas-2\/#primaryimage"},"image":{"@id":"https:\/\/csfr.edu.co\/es\/politicas-2\/#primaryimage"},"thumbnailUrl":"https:\/\/csfr.edu.co\/wp-content\/uploads\/sites\/30\/2025\/03\/Policies.jpg?w=2048","datePublished":"2024-12-18T22:09:53+00:00","dateModified":"2026-03-03T21:56:29+00:00","breadcrumb":{"@id":"https:\/\/csfr.edu.co\/es\/politicas-2\/#breadcrumb"},"inLanguage":"es","potentialAction":[{"@type":"ReadAction","target":["https:\/\/csfr.edu.co\/es\/politicas-2\/"]}]},{"@type":"ImageObject","inLanguage":"es","@id":"https:\/\/csfr.edu.co\/es\/politicas-2\/#primaryimage","url":"https:\/\/csfr.edu.co\/wp-content\/uploads\/sites\/30\/2025\/03\/Policies.jpg?w=2048","contentUrl":"https:\/\/csfr.edu.co\/wp-content\/uploads\/sites\/30\/2025\/03\/Policies.jpg?w=2048"},{"@type":"BreadcrumbList","@id":"https:\/\/csfr.edu.co\/es\/politicas-2\/#breadcrumb","itemListElement":[{"@type":"ListItem","position":1,"name":"Home","item":"https:\/\/csfr.edu.co\/es\/"},{"@type":"ListItem","position":2,"name":"Pol\u00edticas"}]},{"@type":"WebSite","@id":"https:\/\/csfr.edu.co\/es\/#website","url":"https:\/\/csfr.edu.co\/es\/","name":"Colegio Santa Francisca Romana: J\u00f3venes innovadoras | Colegios RedCol","description":"El Colegio inspira a sus estudiantes a cultivar su ser interior y a que puedan descubrir su propia luz.","publisher":{"@id":"https:\/\/csfr.edu.co\/es\/#organization"},"potentialAction":[{"@type":"SearchAction","target":{"@type":"EntryPoint","urlTemplate":"https:\/\/csfr.edu.co\/es\/?s={search_term_string}"},"query-input":{"@type":"PropertyValueSpecification","valueRequired":true,"valueName":"search_term_string"}}],"inLanguage":"es"},{"@type":"Organization","@id":"https:\/\/csfr.edu.co\/es\/#organization","name":"Colegio Santa Francisca Romana: J\u00f3venes innovadoras | Colegios RedCol","url":"https:\/\/csfr.edu.co\/es\/","logo":{"@type":"ImageObject","inLanguage":"es","@id":"https:\/\/csfr.edu.co\/es\/#\/schema\/logo\/image\/","url":"https:\/\/csfr.edu.co\/wp-content\/uploads\/sites\/30\/2024\/11\/Logo_Santa_Francisca_Romana.png","contentUrl":"https:\/\/csfr.edu.co\/wp-content\/uploads\/sites\/30\/2024\/11\/Logo_Santa_Francisca_Romana.png","width":808,"height":389,"caption":"Colegio Santa Francisca Romana: J\u00f3venes innovadoras | Colegios RedCol"},"image":{"@id":"https:\/\/csfr.edu.co\/es\/#\/schema\/logo\/image\/"},"sameAs":["https:\/\/www.facebook.com\/ColSantaFranciscaRomana\/","https:\/\/www.youtube.com\/channel\/UCH3xQUBr8q9Os2LGGVWVnLg"]}]}},"jetpack_sharing_enabled":true,"_links":{"self":[{"href":"https:\/\/csfr.edu.co\/es\/wp-json\/wp\/v2\/pages\/126272","targetHints":{"allow":["GET"]}}],"collection":[{"href":"https:\/\/csfr.edu.co\/es\/wp-json\/wp\/v2\/pages"}],"about":[{"href":"https:\/\/csfr.edu.co\/es\/wp-json\/wp\/v2\/types\/page"}],"author":[{"embeddable":true,"href":"https:\/\/csfr.edu.co\/es\/wp-json\/wp\/v2\/users\/14"}],"replies":[{"embeddable":true,"href":"https:\/\/csfr.edu.co\/es\/wp-json\/wp\/v2\/comments?post=126272"}],"version-history":[{"count":20,"href":"https:\/\/csfr.edu.co\/es\/wp-json\/wp\/v2\/pages\/126272\/revisions"}],"predecessor-version":[{"id":133556,"href":"https:\/\/csfr.edu.co\/es\/wp-json\/wp\/v2\/pages\/126272\/revisions\/133556"}],"wp:attachment":[{"href":"https:\/\/csfr.edu.co\/es\/wp-json\/wp\/v2\/media?parent=126272"}],"curies":[{"name":"wp","href":"https:\/\/api.w.org\/{rel}","templated":true}]}}