{"id":133057,"date":"2026-02-05T18:58:21","date_gmt":"2026-02-05T23:58:21","guid":{"rendered":"https:\/\/csfr.edu.co\/?page_id=133057"},"modified":"2026-02-19T17:53:10","modified_gmt":"2026-02-19T22:53:10","slug":"competencias-de-robotica","status":"publish","type":"page","link":"https:\/\/csfr.edu.co\/es\/pachas-bot\/competencias-de-robotica\/","title":{"rendered":"Competencias de rob\u00f3tica"},"content":{"rendered":"\t\t<div data-elementor-type=\"wp-page\" data-elementor-id=\"133057\" class=\"elementor elementor-133057\" data-elementor-post-type=\"page\">\n\t\t\t\t<div class=\"elementor-element elementor-element-28a4aef0 e-con-full e-flex e-con e-child\" data-id=\"28a4aef0\" data-element_type=\"container\" data-e-type=\"container\" data-settings=\"{&quot;background_background&quot;:&quot;classic&quot;}\">\n\t\t\t\t<div class=\"elementor-element elementor-element-877c955 elementor-widget elementor-widget-image\" data-id=\"877c955\" data-element_type=\"widget\" data-e-type=\"widget\" data-widget_type=\"image.default\">\n\t\t\t\t<div class=\"elementor-widget-container\">\n\t\t\t\t\t\t\t\t\t\t\t\t\t\t\t<img decoding=\"async\" src=\"https:\/\/csfr.edu.co\/wp-content\/uploads\/sites\/30\/2026\/02\/Banner-competencias-de-robotica.jpg.jpeg?w=1921\" title=\"Banner competencias de robotica.jpg\" alt=\"Banner competencias de robotica.jpg\" loading=\"lazy\" \/>\t\t\t\t\t\t\t\t\t\t\t\t\t\t\t<\/div>\n\t\t\t\t<\/div>\n\t\t\t\t<\/div>\n\t\t<div class=\"elementor-element elementor-element-4b98e2dd button_white e-flex e-con-boxed e-con e-parent\" data-id=\"4b98e2dd\" data-element_type=\"container\" data-e-type=\"container\">\n\t\t\t\t\t<div class=\"e-con-inner\">\n\t\t<div class=\"elementor-element elementor-element-6ae9f2d5 e-con-full e-flex e-con e-child\" data-id=\"6ae9f2d5\" data-element_type=\"container\" data-e-type=\"container\">\n\t\t\t\t<div class=\"elementor-element elementor-element-1ba9717b elementor-widget elementor-widget-heading\" data-id=\"1ba9717b\" data-element_type=\"widget\" data-e-type=\"widget\" data-widget_type=\"heading.default\">\n\t\t\t\t<div class=\"elementor-widget-container\">\n\t\t\t\t\t<h2 class=\"elementor-heading-title elementor-size-default\">Categor\u00edas<\/h2>\t\t\t\t<\/div>\n\t\t\t\t<\/div>\n\t\t\t\t<\/div>\n\t\t<div class=\"elementor-element elementor-element-5dc6af48 e-con-full e-flex e-con e-child\" data-id=\"5dc6af48\" data-element_type=\"container\" data-e-type=\"container\" data-settings=\"{&quot;background_background&quot;:&quot;classic&quot;}\">\n\t\t<div class=\"elementor-element elementor-element-21e05527 e-con-full e-flex e-con e-child\" data-id=\"21e05527\" data-element_type=\"container\" data-e-type=\"container\">\n\t\t\t\t<div class=\"elementor-element elementor-element-723a4a80 elementor-widget elementor-widget-image\" data-id=\"723a4a80\" data-element_type=\"widget\" data-e-type=\"widget\" data-widget_type=\"image.default\">\n\t\t\t\t<div class=\"elementor-widget-container\">\n\t\t\t\t\t\t\t\t\t\t\t\t\t\t\t<img decoding=\"async\" src=\"https:\/\/csfr.edu.co\/wp-content\/uploads\/sites\/30\/2026\/02\/Seguidor-de-linea.jpg.jpeg?w=401\" title=\"Seguidor de linea.jpg\" alt=\"Seguidor de linea.jpg\" loading=\"lazy\" \/>\t\t\t\t\t\t\t\t\t\t\t\t\t\t\t<\/div>\n\t\t\t\t<\/div>\n\t\t\t\t<div class=\"elementor-element elementor-element-4bca3ee6 elementor-widget elementor-widget-text-editor\" data-id=\"4bca3ee6\" data-element_type=\"widget\" data-e-type=\"widget\" data-widget_type=\"text-editor.default\">\n\t\t\t\t<div class=\"elementor-widget-container\">\n\t\t\t\t\t\t\t\t\t<p style=\"text-align: center\">Un robot aut\u00f3nomo recorre una pista blanca con l\u00ednea negra en distintos niveles de dificultad (b\u00e1sico a experto). Se evaluar\u00e1 precisi\u00f3n en zonas complejas y tiempo de recorrido. Consulta el reglamento, criterios de evaluaci\u00f3n y planos oficiales de la pista.<\/p>\t\t\t\t\t\t\t\t<\/div>\n\t\t\t\t<\/div>\n\t\t\t\t<div class=\"elementor-element elementor-element-552598cd elementor-align-justify elementor-widget__width-inherit elementor-mobile-align-justify elementor-widget elementor-widget-button\" data-id=\"552598cd\" data-element_type=\"widget\" data-e-type=\"widget\" data-widget_type=\"button.default\">\n\t\t\t\t<div class=\"elementor-widget-container\">\n\t\t\t\t\t\t\t\t\t<div class=\"elementor-button-wrapper\">\n\t\t\t\t\t<a class=\"elementor-button elementor-button-link elementor-size-sm\" href=\"https:\/\/csfr.edu.co\/es\/pachas-bot\/seguidor-de-linea\/\">\n\t\t\t\t\t\t<span class=\"elementor-button-content-wrapper\">\n\t\t\t\t\t\t\t\t\t<span class=\"elementor-button-text\">Ver m\u00e1s<\/span>\n\t\t\t\t\t<\/span>\n\t\t\t\t\t<\/a>\n\t\t\t\t<\/div>\n\t\t\t\t\t\t\t\t<\/div>\n\t\t\t\t<\/div>\n\t\t\t\t<\/div>\n\t\t<div class=\"elementor-element elementor-element-5b9f0624 e-con-full e-flex e-con e-child\" data-id=\"5b9f0624\" data-element_type=\"container\" data-e-type=\"container\">\n\t\t\t\t<div class=\"elementor-element elementor-element-1490e8d7 elementor-widget elementor-widget-image\" data-id=\"1490e8d7\" data-element_type=\"widget\" data-e-type=\"widget\" data-widget_type=\"image.default\">\n\t\t\t\t<div class=\"elementor-widget-container\">\n\t\t\t\t\t\t\t\t\t\t\t\t\t\t\t<img decoding=\"async\" src=\"https:\/\/csfr.edu.co\/wp-content\/uploads\/sites\/30\/2026\/02\/sumo.jpg.jpeg?w=401\" title=\"sumo.jpg\" alt=\"sumo.jpg\" loading=\"lazy\" \/>\t\t\t\t\t\t\t\t\t\t\t\t\t\t\t<\/div>\n\t\t\t\t<\/div>\n\t\t\t\t<div class=\"elementor-element elementor-element-4f03044f elementor-widget elementor-widget-text-editor\" data-id=\"4f03044f\" data-element_type=\"widget\" data-e-type=\"widget\" data-widget_type=\"text-editor.default\">\n\t\t\t\t<div class=\"elementor-widget-container\">\n\t\t\t\t\t\t\t\t\t<p style=\"text-align: center\">Dos robots aut\u00f3nomos se enfrentan en un dojo circular negro con borde blanco. El objetivo es empujar al oponente fuera del \u00e1rea de combate. Se evaluar\u00e1 estrategia, potencia y desempe\u00f1o. Consulta especificaciones del dojo, requisitos del robot y criterios oficiales.<\/p>\t\t\t\t\t\t\t\t<\/div>\n\t\t\t\t<\/div>\n\t\t\t\t<div class=\"elementor-element elementor-element-69931e8b elementor-align-justify elementor-widget__width-inherit elementor-mobile-align-justify elementor-widget elementor-widget-button\" data-id=\"69931e8b\" data-element_type=\"widget\" data-e-type=\"widget\" data-widget_type=\"button.default\">\n\t\t\t\t<div class=\"elementor-widget-container\">\n\t\t\t\t\t\t\t\t\t<div class=\"elementor-button-wrapper\">\n\t\t\t\t\t<a class=\"elementor-button elementor-button-link elementor-size-sm\" href=\"https:\/\/csfr.edu.co\/es\/pachas-bot\/sumo\/\">\n\t\t\t\t\t\t<span class=\"elementor-button-content-wrapper\">\n\t\t\t\t\t\t\t\t\t<span class=\"elementor-button-text\">Ver m\u00e1s<\/span>\n\t\t\t\t\t<\/span>\n\t\t\t\t\t<\/a>\n\t\t\t\t<\/div>\n\t\t\t\t\t\t\t\t<\/div>\n\t\t\t\t<\/div>\n\t\t\t\t<\/div>\n\t\t<div class=\"elementor-element elementor-element-1803a85d e-con-full e-flex e-con e-child\" data-id=\"1803a85d\" data-element_type=\"container\" data-e-type=\"container\">\n\t\t\t\t<div class=\"elementor-element elementor-element-56bdb954 elementor-widget elementor-widget-image\" data-id=\"56bdb954\" data-element_type=\"widget\" data-e-type=\"widget\" data-widget_type=\"image.default\">\n\t\t\t\t<div class=\"elementor-widget-container\">\n\t\t\t\t\t\t\t\t\t\t\t\t\t\t\t<img decoding=\"async\" src=\"https:\/\/csfr.edu.co\/wp-content\/uploads\/sites\/30\/2026\/02\/Laberinto.jpg.jpeg?w=401\" title=\"Laberinto.jpg\" alt=\"Laberinto.jpg\" loading=\"lazy\" \/>\t\t\t\t\t\t\t\t\t\t\t\t\t\t\t<\/div>\n\t\t\t\t<\/div>\n\t\t\t\t<div class=\"elementor-element elementor-element-2ea3840a elementor-widget elementor-widget-text-editor\" data-id=\"2ea3840a\" data-element_type=\"widget\" data-e-type=\"widget\" data-widget_type=\"text-editor.default\">\n\t\t\t\t<div class=\"elementor-widget-container\">\n\t\t\t\t\t\t\t\t\t<p style=\"text-align: center\">Un robot aut\u00f3nomo recorre una pista con ruta definida, identificando zonas verdes correctas y evitando zonas rojas penalizadas. La configuraci\u00f3n puede variar para exigir programaci\u00f3n inteligente, no solo secuencial. Consulta criterios de evaluaci\u00f3n y condiciones oficiales por equipos.<\/p>\t\t\t\t\t\t\t\t<\/div>\n\t\t\t\t<\/div>\n\t\t\t\t<div class=\"elementor-element elementor-element-772b32b2 elementor-align-justify elementor-widget__width-inherit elementor-mobile-align-justify elementor-widget elementor-widget-button\" data-id=\"772b32b2\" data-element_type=\"widget\" data-e-type=\"widget\" data-widget_type=\"button.default\">\n\t\t\t\t<div class=\"elementor-widget-container\">\n\t\t\t\t\t\t\t\t\t<div class=\"elementor-button-wrapper\">\n\t\t\t\t\t<a class=\"elementor-button elementor-button-link elementor-size-sm\" href=\"https:\/\/csfr.edu.co\/es\/pachas-bot\/laberinto\/\">\n\t\t\t\t\t\t<span class=\"elementor-button-content-wrapper\">\n\t\t\t\t\t\t\t\t\t<span class=\"elementor-button-text\">Ver m\u00e1s<\/span>\n\t\t\t\t\t<\/span>\n\t\t\t\t\t<\/a>\n\t\t\t\t<\/div>\n\t\t\t\t\t\t\t\t<\/div>\n\t\t\t\t<\/div>\n\t\t\t\t<\/div>\n\t\t\t\t<\/div>\n\t\t\t\t\t<\/div>\n\t\t\t\t<\/div>\n\t\t\t\t<\/div>\n\t\t","protected":false},"excerpt":{"rendered":"<p>Categor\u00edas Un robot aut\u00f3nomo recorre una pista blanca con l\u00ednea negra en distintos niveles de dificultad (b\u00e1sico a experto). Se evaluar\u00e1 precisi\u00f3n en zonas complejas y tiempo de recorrido. Consulta [&hellip;]<\/p>\n","protected":false},"author":134,"featured_media":0,"parent":133010,"menu_order":0,"comment_status":"closed","ping_status":"closed","template":"elementor_canvas","meta":{"_acf_changed":false,"content-type":"","footnotes":""},"class_list":["post-133057","page","type-page","status-publish","hentry"],"acf":[],"yoast_head":"<!-- This site is optimized with the Yoast SEO plugin v27.1.1 - https:\/\/yoast.com\/product\/yoast-seo-wordpress\/ -->\n<title>Colegio Santa Francisca Romana: Las Pachas | Colegios Redcol<\/title>\n<meta name=\"description\" content=\"Colegio biling\u00fce, femenino en Bogot\u00e1 con excelencia acad\u00e9mica IB, liderazgo, bienestar, ingl\u00e9s, franc\u00e9s, artes, deportes, rob\u00f3tica y m\u00e1s.\" \/>\n<meta name=\"robots\" content=\"index, follow, max-snippet:-1, max-image-preview:large, max-video-preview:-1\" \/>\n<link rel=\"canonical\" href=\"https:\/\/csfr.edu.co\/es\/pachas-bot\/competencias-de-robotica\/\" \/>\n<meta property=\"og:locale\" content=\"es_ES\" \/>\n<meta property=\"og:type\" content=\"article\" \/>\n<meta property=\"og:title\" content=\"Colegio Santa Francisca Romana: Las Pachas | Colegios Redcol\" \/>\n<meta property=\"og:description\" content=\"Colegio biling\u00fce, femenino en Bogot\u00e1 con excelencia acad\u00e9mica IB, liderazgo, bienestar, ingl\u00e9s, franc\u00e9s, artes, deportes, rob\u00f3tica y m\u00e1s.\" \/>\n<meta property=\"og:url\" content=\"https:\/\/csfr.edu.co\/es\/pachas-bot\/competencias-de-robotica\/\" \/>\n<meta property=\"og:site_name\" content=\"Colegio Santa Francisca Romana: J\u00f3venes innovadoras | Colegios RedCol\" \/>\n<meta property=\"article:publisher\" content=\"https:\/\/www.facebook.com\/ColSantaFranciscaRomana\/\" \/>\n<meta property=\"article:modified_time\" content=\"2026-02-19T22:53:10+00:00\" \/>\n<meta property=\"og:image\" content=\"https:\/\/csfr.edu.co\/wp-content\/uploads\/sites\/30\/2026\/02\/Banner-competencias-de-robotica.jpg.jpeg?w=1921\" \/>\n<meta name=\"twitter:card\" content=\"summary_large_image\" \/>\n<meta name=\"twitter:label1\" content=\"Tiempo de lectura\" \/>\n\t<meta name=\"twitter:data1\" content=\"2 minutos\" \/>\n<script type=\"application\/ld+json\" class=\"yoast-schema-graph\">{\"@context\":\"https:\/\/schema.org\",\"@graph\":[{\"@type\":\"WebPage\",\"@id\":\"https:\/\/csfr.edu.co\/es\/pachas-bot\/competencias-de-robotica\/\",\"url\":\"https:\/\/csfr.edu.co\/es\/pachas-bot\/competencias-de-robotica\/\",\"name\":\"Colegio Santa Francisca Romana: Las Pachas | Colegios Redcol\",\"isPartOf\":{\"@id\":\"https:\/\/csfr.edu.co\/es\/#website\"},\"primaryImageOfPage\":{\"@id\":\"https:\/\/csfr.edu.co\/es\/pachas-bot\/competencias-de-robotica\/#primaryimage\"},\"image\":{\"@id\":\"https:\/\/csfr.edu.co\/es\/pachas-bot\/competencias-de-robotica\/#primaryimage\"},\"thumbnailUrl\":\"https:\/\/csfr.edu.co\/wp-content\/uploads\/sites\/30\/2026\/02\/Banner-competencias-de-robotica.jpg.jpeg?w=1921\",\"datePublished\":\"2026-02-05T23:58:21+00:00\",\"dateModified\":\"2026-02-19T22:53:10+00:00\",\"description\":\"Colegio biling\u00fce, femenino en Bogot\u00e1 con excelencia acad\u00e9mica IB, liderazgo, bienestar, ingl\u00e9s, franc\u00e9s, artes, deportes, rob\u00f3tica y m\u00e1s.\",\"breadcrumb\":{\"@id\":\"https:\/\/csfr.edu.co\/es\/pachas-bot\/competencias-de-robotica\/#breadcrumb\"},\"inLanguage\":\"es\",\"potentialAction\":[{\"@type\":\"ReadAction\",\"target\":[\"https:\/\/csfr.edu.co\/es\/pachas-bot\/competencias-de-robotica\/\"]}]},{\"@type\":\"ImageObject\",\"inLanguage\":\"es\",\"@id\":\"https:\/\/csfr.edu.co\/es\/pachas-bot\/competencias-de-robotica\/#primaryimage\",\"url\":\"https:\/\/csfr.edu.co\/wp-content\/uploads\/sites\/30\/2026\/02\/Banner-competencias-de-robotica.jpg.jpeg?w=1921\",\"contentUrl\":\"https:\/\/csfr.edu.co\/wp-content\/uploads\/sites\/30\/2026\/02\/Banner-competencias-de-robotica.jpg.jpeg?w=1921\"},{\"@type\":\"BreadcrumbList\",\"@id\":\"https:\/\/csfr.edu.co\/es\/pachas-bot\/competencias-de-robotica\/#breadcrumb\",\"itemListElement\":[{\"@type\":\"ListItem\",\"position\":1,\"name\":\"Home\",\"item\":\"https:\/\/csfr.edu.co\/es\/\"},{\"@type\":\"ListItem\",\"position\":2,\"name\":\"PachasBot\",\"item\":\"https:\/\/csfr.edu.co\/es\/pachas-bot\/\"},{\"@type\":\"ListItem\",\"position\":3,\"name\":\"Competencias de rob\u00f3tica\"}]},{\"@type\":\"WebSite\",\"@id\":\"https:\/\/csfr.edu.co\/es\/#website\",\"url\":\"https:\/\/csfr.edu.co\/es\/\",\"name\":\"Colegio Santa Francisca Romana: J\u00f3venes innovadoras | Colegios RedCol\",\"description\":\"El Colegio inspira a sus estudiantes a cultivar su ser interior y a que puedan descubrir su propia luz.\",\"publisher\":{\"@id\":\"https:\/\/csfr.edu.co\/es\/#organization\"},\"potentialAction\":[{\"@type\":\"SearchAction\",\"target\":{\"@type\":\"EntryPoint\",\"urlTemplate\":\"https:\/\/csfr.edu.co\/es\/?s={search_term_string}\"},\"query-input\":{\"@type\":\"PropertyValueSpecification\",\"valueRequired\":true,\"valueName\":\"search_term_string\"}}],\"inLanguage\":\"es\"},{\"@type\":\"Organization\",\"@id\":\"https:\/\/csfr.edu.co\/es\/#organization\",\"name\":\"Colegio Santa Francisca Romana: J\u00f3venes innovadoras | Colegios RedCol\",\"url\":\"https:\/\/csfr.edu.co\/es\/\",\"logo\":{\"@type\":\"ImageObject\",\"inLanguage\":\"es\",\"@id\":\"https:\/\/csfr.edu.co\/es\/#\/schema\/logo\/image\/\",\"url\":\"https:\/\/csfr.edu.co\/wp-content\/uploads\/sites\/30\/2024\/11\/Logo_Santa_Francisca_Romana.png\",\"contentUrl\":\"https:\/\/csfr.edu.co\/wp-content\/uploads\/sites\/30\/2024\/11\/Logo_Santa_Francisca_Romana.png\",\"width\":808,\"height\":389,\"caption\":\"Colegio Santa Francisca Romana: J\u00f3venes innovadoras | Colegios RedCol\"},\"image\":{\"@id\":\"https:\/\/csfr.edu.co\/es\/#\/schema\/logo\/image\/\"},\"sameAs\":[\"https:\/\/www.facebook.com\/ColSantaFranciscaRomana\/\",\"https:\/\/www.youtube.com\/channel\/UCH3xQUBr8q9Os2LGGVWVnLg\"]}]}<\/script>\n<!-- \/ Yoast SEO plugin. -->","yoast_head_json":{"title":"Colegio Santa Francisca Romana: Las Pachas | Colegios Redcol","description":"Colegio biling\u00fce, femenino en Bogot\u00e1 con excelencia acad\u00e9mica IB, liderazgo, bienestar, ingl\u00e9s, franc\u00e9s, artes, deportes, rob\u00f3tica y m\u00e1s.","robots":{"index":"index","follow":"follow","max-snippet":"max-snippet:-1","max-image-preview":"max-image-preview:large","max-video-preview":"max-video-preview:-1"},"canonical":"https:\/\/csfr.edu.co\/es\/pachas-bot\/competencias-de-robotica\/","og_locale":"es_ES","og_type":"article","og_title":"Colegio Santa Francisca Romana: Las Pachas | Colegios Redcol","og_description":"Colegio biling\u00fce, femenino en Bogot\u00e1 con excelencia acad\u00e9mica IB, liderazgo, bienestar, ingl\u00e9s, franc\u00e9s, artes, deportes, rob\u00f3tica y m\u00e1s.","og_url":"https:\/\/csfr.edu.co\/es\/pachas-bot\/competencias-de-robotica\/","og_site_name":"Colegio Santa Francisca Romana: J\u00f3venes innovadoras | Colegios RedCol","article_publisher":"https:\/\/www.facebook.com\/ColSantaFranciscaRomana\/","article_modified_time":"2026-02-19T22:53:10+00:00","og_image":[{"url":"https:\/\/csfr.edu.co\/wp-content\/uploads\/sites\/30\/2026\/02\/Banner-competencias-de-robotica.jpg.jpeg?w=1921","type":"","width":"","height":""}],"twitter_card":"summary_large_image","twitter_misc":{"Tiempo de lectura":"2 minutos"},"schema":{"@context":"https:\/\/schema.org","@graph":[{"@type":"WebPage","@id":"https:\/\/csfr.edu.co\/es\/pachas-bot\/competencias-de-robotica\/","url":"https:\/\/csfr.edu.co\/es\/pachas-bot\/competencias-de-robotica\/","name":"Colegio Santa Francisca Romana: Las Pachas | Colegios Redcol","isPartOf":{"@id":"https:\/\/csfr.edu.co\/es\/#website"},"primaryImageOfPage":{"@id":"https:\/\/csfr.edu.co\/es\/pachas-bot\/competencias-de-robotica\/#primaryimage"},"image":{"@id":"https:\/\/csfr.edu.co\/es\/pachas-bot\/competencias-de-robotica\/#primaryimage"},"thumbnailUrl":"https:\/\/csfr.edu.co\/wp-content\/uploads\/sites\/30\/2026\/02\/Banner-competencias-de-robotica.jpg.jpeg?w=1921","datePublished":"2026-02-05T23:58:21+00:00","dateModified":"2026-02-19T22:53:10+00:00","description":"Colegio biling\u00fce, femenino en Bogot\u00e1 con excelencia acad\u00e9mica IB, liderazgo, bienestar, ingl\u00e9s, franc\u00e9s, artes, deportes, rob\u00f3tica y m\u00e1s.","breadcrumb":{"@id":"https:\/\/csfr.edu.co\/es\/pachas-bot\/competencias-de-robotica\/#breadcrumb"},"inLanguage":"es","potentialAction":[{"@type":"ReadAction","target":["https:\/\/csfr.edu.co\/es\/pachas-bot\/competencias-de-robotica\/"]}]},{"@type":"ImageObject","inLanguage":"es","@id":"https:\/\/csfr.edu.co\/es\/pachas-bot\/competencias-de-robotica\/#primaryimage","url":"https:\/\/csfr.edu.co\/wp-content\/uploads\/sites\/30\/2026\/02\/Banner-competencias-de-robotica.jpg.jpeg?w=1921","contentUrl":"https:\/\/csfr.edu.co\/wp-content\/uploads\/sites\/30\/2026\/02\/Banner-competencias-de-robotica.jpg.jpeg?w=1921"},{"@type":"BreadcrumbList","@id":"https:\/\/csfr.edu.co\/es\/pachas-bot\/competencias-de-robotica\/#breadcrumb","itemListElement":[{"@type":"ListItem","position":1,"name":"Home","item":"https:\/\/csfr.edu.co\/es\/"},{"@type":"ListItem","position":2,"name":"PachasBot","item":"https:\/\/csfr.edu.co\/es\/pachas-bot\/"},{"@type":"ListItem","position":3,"name":"Competencias de rob\u00f3tica"}]},{"@type":"WebSite","@id":"https:\/\/csfr.edu.co\/es\/#website","url":"https:\/\/csfr.edu.co\/es\/","name":"Colegio Santa Francisca Romana: J\u00f3venes innovadoras | Colegios RedCol","description":"El Colegio inspira a sus estudiantes a cultivar su ser interior y a que puedan descubrir su propia luz.","publisher":{"@id":"https:\/\/csfr.edu.co\/es\/#organization"},"potentialAction":[{"@type":"SearchAction","target":{"@type":"EntryPoint","urlTemplate":"https:\/\/csfr.edu.co\/es\/?s={search_term_string}"},"query-input":{"@type":"PropertyValueSpecification","valueRequired":true,"valueName":"search_term_string"}}],"inLanguage":"es"},{"@type":"Organization","@id":"https:\/\/csfr.edu.co\/es\/#organization","name":"Colegio Santa Francisca Romana: J\u00f3venes innovadoras | Colegios RedCol","url":"https:\/\/csfr.edu.co\/es\/","logo":{"@type":"ImageObject","inLanguage":"es","@id":"https:\/\/csfr.edu.co\/es\/#\/schema\/logo\/image\/","url":"https:\/\/csfr.edu.co\/wp-content\/uploads\/sites\/30\/2024\/11\/Logo_Santa_Francisca_Romana.png","contentUrl":"https:\/\/csfr.edu.co\/wp-content\/uploads\/sites\/30\/2024\/11\/Logo_Santa_Francisca_Romana.png","width":808,"height":389,"caption":"Colegio Santa Francisca Romana: J\u00f3venes innovadoras | Colegios RedCol"},"image":{"@id":"https:\/\/csfr.edu.co\/es\/#\/schema\/logo\/image\/"},"sameAs":["https:\/\/www.facebook.com\/ColSantaFranciscaRomana\/","https:\/\/www.youtube.com\/channel\/UCH3xQUBr8q9Os2LGGVWVnLg"]}]}},"jetpack_sharing_enabled":true,"_links":{"self":[{"href":"https:\/\/csfr.edu.co\/es\/wp-json\/wp\/v2\/pages\/133057","targetHints":{"allow":["GET"]}}],"collection":[{"href":"https:\/\/csfr.edu.co\/es\/wp-json\/wp\/v2\/pages"}],"about":[{"href":"https:\/\/csfr.edu.co\/es\/wp-json\/wp\/v2\/types\/page"}],"author":[{"embeddable":true,"href":"https:\/\/csfr.edu.co\/es\/wp-json\/wp\/v2\/users\/134"}],"replies":[{"embeddable":true,"href":"https:\/\/csfr.edu.co\/es\/wp-json\/wp\/v2\/comments?post=133057"}],"version-history":[{"count":16,"href":"https:\/\/csfr.edu.co\/es\/wp-json\/wp\/v2\/pages\/133057\/revisions"}],"predecessor-version":[{"id":133437,"href":"https:\/\/csfr.edu.co\/es\/wp-json\/wp\/v2\/pages\/133057\/revisions\/133437"}],"up":[{"embeddable":true,"href":"https:\/\/csfr.edu.co\/es\/wp-json\/wp\/v2\/pages\/133010"}],"wp:attachment":[{"href":"https:\/\/csfr.edu.co\/es\/wp-json\/wp\/v2\/media?parent=133057"}],"curies":[{"name":"wp","href":"https:\/\/api.w.org\/{rel}","templated":true}]}}