{"id":133111,"date":"2026-02-18T09:55:00","date_gmt":"2026-02-18T14:55:00","guid":{"rendered":"https:\/\/csfr.edu.co\/?page_id=133111"},"modified":"2026-02-18T11:30:05","modified_gmt":"2026-02-18T16:30:05","slug":"botley","status":"publish","type":"page","link":"https:\/\/csfr.edu.co\/es\/pachas-bot\/botley\/","title":{"rendered":"Botley"},"content":{"rendered":"\t\t<div data-elementor-type=\"wp-page\" data-elementor-id=\"133111\" class=\"elementor elementor-133111\" data-elementor-post-type=\"page\">\n\t\t\t\t<div class=\"elementor-element elementor-element-57f988b9 e-con-full e-flex e-con e-child\" data-id=\"57f988b9\" data-element_type=\"container\" data-e-type=\"container\">\n\t\t\t\t<div class=\"elementor-element elementor-element-6c8ec396 elementor-widget elementor-widget-image\" data-id=\"6c8ec396\" data-element_type=\"widget\" data-e-type=\"widget\" data-widget_type=\"image.default\">\n\t\t\t\t<div class=\"elementor-widget-container\">\n\t\t\t\t\t\t\t\t\t\t\t\t\t\t\t<img decoding=\"async\" src=\"https:\/\/csfr.edu.co\/wp-content\/uploads\/sites\/30\/2026\/02\/Banner-BOTLEY.jpg.jpeg?w=1921\" title=\"Banner BOTLEY.jpg\" alt=\"Banner BOTLEY.jpg\" loading=\"lazy\" \/>\t\t\t\t\t\t\t\t\t\t\t\t\t\t\t<\/div>\n\t\t\t\t<\/div>\n\t\t\t\t<\/div>\n\t\t<div class=\"elementor-element elementor-element-455bb73c e-flex e-con-boxed e-con e-parent\" data-id=\"455bb73c\" data-element_type=\"container\" data-e-type=\"container\">\n\t\t\t\t\t<div class=\"e-con-inner\">\n\t\t<div class=\"elementor-element elementor-element-42b35e9d e-con-full e-flex e-con e-child\" data-id=\"42b35e9d\" data-element_type=\"container\" data-e-type=\"container\">\n\t\t<div class=\"elementor-element elementor-element-310acb3b e-con-full e-flex e-con e-child\" data-id=\"310acb3b\" data-element_type=\"container\" data-e-type=\"container\">\n\t\t<div class=\"elementor-element elementor-element-4ee7f837 e-con-full e-flex e-con e-child\" data-id=\"4ee7f837\" data-element_type=\"container\" data-e-type=\"container\">\n\t\t\t\t<div class=\"elementor-element elementor-element-726a7d84 elementor-widget elementor-widget-heading\" data-id=\"726a7d84\" data-element_type=\"widget\" data-e-type=\"widget\" data-widget_type=\"heading.default\">\n\t\t\t\t<div class=\"elementor-widget-container\">\n\t\t\t\t\t<h6 class=\"elementor-heading-title elementor-size-default\">Descripci\u00f3n de la competencia<\/h6>\t\t\t\t<\/div>\n\t\t\t\t<\/div>\n\t\t\t\t<div class=\"elementor-element elementor-element-7bc4337d elementor-widget elementor-widget-text-editor\" data-id=\"7bc4337d\" data-element_type=\"widget\" data-e-type=\"widget\" data-widget_type=\"text-editor.default\">\n\t\t\t\t<div class=\"elementor-widget-container\">\n\t\t\t\t\t\t\t\t\t<p><span class=\"C9DxTc \">El objetivo de la competencia es que los integrantes del equipo escuchen atentamente el reto planteado por el juez, programen correctamente el robot B<\/span><span class=\"C9DxTc \">otley\u00a0<\/span><span class=\"C9DxTc \">\u00a0y logren que este llegue al objetivo indicado, evitando los obst\u00e1culos del tapete, en el menor tiempo posible de programaci\u00f3n. Esta experiencia fortalece el pensamiento l\u00f3gico, la resoluci\u00f3n de problemas, la orientaci\u00f3n espacial y el trabajo colaborativo, al tiempo que promueve el aprendizaje activo y el acercamiento l\u00fadico a la programaci\u00f3n sin pantallas.<\/span><\/p>\t\t\t\t\t\t\t\t<\/div>\n\t\t\t\t<\/div>\n\t\t\t\t<\/div>\n\t\t<div class=\"elementor-element elementor-element-5911a6b5 e-con-full e-flex e-con e-child\" data-id=\"5911a6b5\" data-element_type=\"container\" data-e-type=\"container\">\n\t\t\t\t<div class=\"elementor-element elementor-element-188ca44 elementor-widget elementor-widget-heading\" data-id=\"188ca44\" data-element_type=\"widget\" data-e-type=\"widget\" data-widget_type=\"heading.default\">\n\t\t\t\t<div class=\"elementor-widget-container\">\n\t\t\t\t\t<h2 class=\"elementor-heading-title elementor-size-default\">Caracter\u00edsticas de los equipos<\/h2>\t\t\t\t<\/div>\n\t\t\t\t<\/div>\n\t\t\t\t<div class=\"elementor-element elementor-element-9b97cf1 elementor-widget elementor-widget-text-editor\" data-id=\"9b97cf1\" data-element_type=\"widget\" data-e-type=\"widget\" data-widget_type=\"text-editor.default\">\n\t\t\t\t<div class=\"elementor-widget-container\">\n\t\t\t\t\t\t\t\t\t<ul><li class=\"zfr3Q CDt4Ke \" dir=\"ltr\"><span class=\"C9DxTc \">Los equipos estar\u00e1n conformados por m\u00e1ximo 2 estudiantes en el rango de edad\u00a0<\/span><span class=\"C9DxTc \">7<\/span><span class=\"C9DxTc \">\u00a0a\u00a0<\/span><span class=\"C9DxTc \">8<\/span><span class=\"C9DxTc \">\u00a0a\u00f1os.\u00a0<\/span><\/li><li class=\"zfr3Q CDt4Ke \" dir=\"ltr\"><span class=\"C9DxTc \">Solamente se puede inscribir un equipo por colegio. El cupo es limitado.\u00a0<\/span><\/li><li class=\"zfr3Q CDt4Ke \" dir=\"ltr\"><span class=\"C9DxTc \">Si el equipo est\u00e1 conformado por un solo estudiante, este deber\u00e1 realizar los dos retos de la primera ronda.<\/span><\/li><li class=\"zfr3Q CDt4Ke \" dir=\"ltr\"><span class=\"C9DxTc \">Si el equipo est\u00e1 conformado por dos estudiantes, cada integrante realizar\u00e1 un reto de la primera ronda.<\/span><\/li><li class=\"zfr3Q CDt4Ke \" dir=\"ltr\"><span class=\"C9DxTc \">El integrante que vaya a programar ser\u00e1 quien interact\u00fae directamente con el robot B<\/span><span class=\"C9DxTc \">otley<\/span><span class=\"C9DxTc \">\u00a0durante su turno.<\/span><\/li><li class=\"zfr3Q CDt4Ke \" dir=\"ltr\"><span class=\"C9DxTc \">No es necesario que los equipos traigan robots, el colegio suministrar\u00e1 los robots y tapetes para la competencia.<\/span><\/li><\/ul>\t\t\t\t\t\t\t\t<\/div>\n\t\t\t\t<\/div>\n\t\t\t\t<\/div>\n\t\t\t\t<\/div>\n\t\t\t\t<\/div>\n\t\t\t\t\t<\/div>\n\t\t\t\t<\/div>\n\t\t<div class=\"elementor-element elementor-element-688c0a3c button_blue e-flex e-con-boxed e-con e-parent\" data-id=\"688c0a3c\" data-element_type=\"container\" data-e-type=\"container\" data-settings=\"{&quot;background_background&quot;:&quot;classic&quot;}\">\n\t\t\t\t\t<div class=\"e-con-inner\">\n\t\t<div class=\"elementor-element elementor-element-490484d4 e-con-full e-flex e-con e-child\" data-id=\"490484d4\" data-element_type=\"container\" data-e-type=\"container\">\n\t\t<div class=\"elementor-element elementor-element-74adaa80 e-flex e-con-boxed e-con e-child\" data-id=\"74adaa80\" data-element_type=\"container\" data-e-type=\"container\">\n\t\t\t\t\t<div class=\"e-con-inner\">\n\t\t\t\t<div class=\"elementor-element elementor-element-56c3e770 elementor-widget elementor-widget-heading\" data-id=\"56c3e770\" data-element_type=\"widget\" data-e-type=\"widget\" data-widget_type=\"heading.default\">\n\t\t\t\t<div class=\"elementor-widget-container\">\n\t\t\t\t\t<h2 class=\"elementor-heading-title elementor-size-default\">Reglamento<\/h2>\t\t\t\t<\/div>\n\t\t\t\t<\/div>\n\t\t\t\t<div class=\"elementor-element elementor-element-f1247c6 elementor-widget elementor-widget-text-editor\" data-id=\"f1247c6\" data-element_type=\"widget\" data-e-type=\"widget\" data-widget_type=\"text-editor.default\">\n\t\t\t\t<div class=\"elementor-widget-container\">\n\t\t\t\t\t\t\t\t\t<section id=\"h.dc4e6289b5ec4a2_23\" class=\"yaqOZd lQAHbd\"><div class=\"mYVXT\"><div class=\"LS81yb VICjCf j5pSsc db35Fc\"><div class=\"hJDwNd-AhqUyc-Clt0zb Ft7HRd-AhqUyc-Clt0zb purZT-AhqUyc-II5mzb ZcASvf-AhqUyc-II5mzb pSzOP-AhqUyc-qWD73c Ktthjf-AhqUyc-qWD73c JNdkSc SQVYQc\"><div class=\"JNdkSc-SmKAyb LkDMRd\"><div class=\"\"><div class=\"oKdM2c ZZyype Kzv0Me\"><div id=\"h.dc4e6289b5ec4a2_26\" class=\"hJDwNd-AhqUyc-Clt0zb Ft7HRd-AhqUyc-Clt0zb jXK9ad D2fZ2 zu5uec OjCsFc dmUFtb wHaque g5GTcb\"><div class=\"jXK9ad-SmKAyb\"><div class=\"tyJCtd mGzaTb Depvyb baZpAe\"><p class=\"zfr3Q CDt4Ke \" dir=\"ltr\"><span class=\"C9DxTc \">1. Desarrollo del reto:<\/span><\/p><p class=\"zfr3Q CDt4Ke \" dir=\"ltr\"><span class=\"C9DxTc \">El objetivo principal es escuchar atentamente el reto, el cual ser\u00e1 explicado verbalmente por el juez correspondiente. <\/span><span class=\"C9DxTc \">Una vez escuchado el reto, el integrante del equipo encargado de programar deber\u00e1 avisar claramente cuando est\u00e9 listo o lista para comenzar la programaci\u00f3n.\u00a0<\/span><\/p><p class=\"zfr3Q CDt4Ke \" dir=\"ltr\"><span class=\"C9DxTc \">2. Programaci\u00f3n y tiempo:<\/span><\/p><p class=\"zfr3Q CDt4Ke \" dir=\"ltr\"><span class=\"C9DxTc \">El juez iniciar\u00e1 el cron\u00f3metro \u00fanicamente para medir el tiempo de programaci\u00f3n. <\/span><span class=\"C9DxTc \">Cada equipo contar\u00e1 con un m\u00e1ximo de 2 minutos para programar el Botley.<\/span><\/p><p class=\"zfr3Q CDt4Ke \" dir=\"ltr\"><span class=\"C9DxTc \">La programaci\u00f3n deber\u00e1 realizarse:<\/span><\/p><ul><li class=\"zfr3Q CDt4Ke \" dir=\"ltr\"><span class=\"C9DxTc \">\u00a0\u00a0\u00a0\u00a0\u00a0\u00a0\u00a0\u00a0\u00a0\u00a0\u00a0\u00a0\u00a0\u00a0\u00a0De pie.<\/span><\/li><li class=\"zfr3Q CDt4Ke \" dir=\"ltr\"><span class=\"C9DxTc \">\u00a0\u00a0\u00a0\u00a0\u00a0\u00a0\u00a0\u00a0\u00a0\u00a0\u00a0\u00a0\u00a0\u00a0\u00a0Sin dar vueltas alrededor del tapete.<\/span><\/li><\/ul><p class=\"zfr3Q CDt4Ke \" dir=\"ltr\"><span class=\"C9DxTc \">Cuando el o la estudiante termine de programar, deber\u00e1 decir en voz alta \u201cYA\u201d o \u201cFINALIC\u00c9\u201d. En ese momento, el juez detendr\u00e1 el cron\u00f3metro.<\/span><\/p><p class=\"zfr3Q CDt4Ke \" dir=\"ltr\"><span class=\"C9DxTc \">3. Correcci\u00f3n de la programaci\u00f3n:<\/span><\/p><p class=\"zfr3Q CDt4Ke \" dir=\"ltr\"><span class=\"C9DxTc \">Si el o la estudiante se da cuenta de que la programaci\u00f3n es incorrecta antes de decir \u201cYA\u201d o \u201cFINALIC\u00c9\u201d, tendr\u00e1 la oportunidad de borrar y volver a programar el robot una sola vez, siempre dentro de los 2 minutos permitidos. <\/span><span class=\"C9DxTc \">El cron\u00f3metro no se detiene durante esta correcci\u00f3n y continuar\u00e1 corriendo hasta que el estudiante indique que ha finalizado la programaci\u00f3n.<\/span><\/p><p class=\"zfr3Q CDt4Ke \" dir=\"ltr\"><span class=\"C9DxTc \">4. Ejecuci\u00f3n del recorrido:<\/span><\/p><p class=\"zfr3Q CDt4Ke \" dir=\"ltr\"><span class=\"C9DxTc \">Una vez finalizada la programaci\u00f3n, el o la estudiante deber\u00e1 colocar el Blue-Bot en el cuadro de inicio indicado previamente por el juez. <\/span><span class=\"C9DxTc \">El robot deber\u00e1 realizar el recorrido de manera aut\u00f3noma, cumpliendo las siguientes condiciones:<\/span><\/p><ul><li class=\"zfr3Q CDt4Ke \" dir=\"ltr\"><span class=\"C9DxTc \">\u00a0\u00a0\u00a0\u00a0\u00a0\u00a0\u00a0\u00a0\u00a0\u00a0\u00a0\u00a0\u00a0\u00a0\u00a0\u00a0No pasar por los obst\u00e1culos.<\/span><\/li><li class=\"zfr3Q CDt4Ke \" dir=\"ltr\"><span class=\"C9DxTc \">\u00a0\u00a0\u00a0\u00a0\u00a0\u00a0\u00a0\u00a0\u00a0\u00a0\u00a0\u00a0\u00a0\u00a0\u00a0\u00a0Llegar correctamente al objetivo solicitado por el juez.<\/span><\/li><\/ul><p class=\"zfr3Q CDt4Ke \" dir=\"ltr\"><span class=\"C9DxTc \">5. Puntaje y validaci\u00f3n del reto:<\/span><\/p><p class=\"zfr3Q CDt4Ke \" dir=\"ltr\"><span class=\"C9DxTc \">El puntaje se basar\u00e1 en el tiempo utilizado para la programaci\u00f3n, el cual ser\u00e1 registrado por el juez. <\/span><span class=\"C9DxTc \">Se elaborar\u00e1 una lista para identificar los mejores tiempos.<\/span><\/p><p class=\"zfr3Q CDt4Ke \" dir=\"ltr\"><span class=\"C9DxTc \">Importante:<\/span><\/p><p class=\"zfr3Q CDt4Ke \" dir=\"ltr\"><span class=\"C9DxTc \">Si el robot no llega al objetivo solicitado, el reto ser\u00e1 considerado nulo, incluso si el tiempo de programaci\u00f3n fue corto.<\/span><\/p><p class=\"zfr3Q CDt4Ke \" dir=\"ltr\"><span class=\"C9DxTc \">6. Consideraciones finales:<\/span><\/p><ul><li class=\"zfr3Q CDt4Ke \" dir=\"ltr\"><span class=\"C9DxTc \">Se espera de todos los participantes una actitud de respeto, atenci\u00f3n y juego limpio.<\/span><\/li><li class=\"zfr3Q CDt4Ke \" dir=\"ltr\"><span class=\"C9DxTc \">Las decisiones del juez ser\u00e1n definitivas durante la competencia.<\/span><\/li><li class=\"zfr3Q CDt4Ke \" dir=\"ltr\"><span class=\"C9DxTc \">Tener en cuenta que solo el juez puede mover o acomodar el robot si se desv\u00eda un poco de la cuadr\u00edcula.<\/span><\/li><\/ul><\/div><\/div><\/div><\/div><\/div><\/div><\/div><div class=\"hJDwNd-AhqUyc-c5RTEf Ft7HRd-AhqUyc-c5RTEf JNdkSc SQVYQc L6cTce-purZT L6cTce-pSzOP\"><div class=\"JNdkSc-SmKAyb LkDMRd\"><div class=\"\">\u00a0<\/div><\/div><\/div><\/div><\/div><\/section>\t\t\t\t\t\t\t\t<\/div>\n\t\t\t\t<\/div>\n\t\t\t\t\t<\/div>\n\t\t\t\t<\/div>\n\t\t\t\t<\/div>\n\t\t\t\t\t<\/div>\n\t\t\t\t<\/div>\n\t\t<div class=\"elementor-element elementor-element-8c37426 e-flex e-con-boxed e-con e-parent\" data-id=\"8c37426\" data-element_type=\"container\" data-e-type=\"container\">\n\t\t\t\t\t<div class=\"e-con-inner\">\n\t\t\t\t<div class=\"elementor-element elementor-element-367db37 elementor-widget elementor-widget-heading\" data-id=\"367db37\" data-element_type=\"widget\" data-e-type=\"widget\" data-widget_type=\"heading.default\">\n\t\t\t\t<div class=\"elementor-widget-container\">\n\t\t\t\t\t<h2 class=\"elementor-heading-title elementor-size-default\">Conoce el robot que usaremos: BOTLEY<\/h2>\t\t\t\t<\/div>\n\t\t\t\t<\/div>\n\t\t\t\t\t<\/div>\n\t\t\t\t<\/div>\n\t\t<div class=\"elementor-element elementor-element-6fc7482 e-flex e-con-boxed e-con e-parent\" data-id=\"6fc7482\" data-element_type=\"container\" data-e-type=\"container\">\n\t\t\t\t\t<div class=\"e-con-inner\">\n\t\t<div class=\"elementor-element elementor-element-60cab74 e-con-full e-flex e-con e-child\" data-id=\"60cab74\" data-element_type=\"container\" data-e-type=\"container\">\n\t\t\t\t<div class=\"elementor-element elementor-element-b73b31a elementor-widget elementor-widget-video\" data-id=\"b73b31a\" data-element_type=\"widget\" data-e-type=\"widget\" data-settings=\"{&quot;youtube_url&quot;:&quot;https:\\\/\\\/youtu.be\\\/txURzjFWUUo&quot;,&quot;video_type&quot;:&quot;youtube&quot;,&quot;controls&quot;:&quot;yes&quot;}\" data-widget_type=\"video.default\">\n\t\t\t\t<div class=\"elementor-widget-container\">\n\t\t\t\t\t\t\t<div class=\"elementor-wrapper elementor-open-inline\">\n\t\t\t<div class=\"elementor-video\"><\/div>\t\t<\/div>\n\t\t\t\t\t\t<\/div>\n\t\t\t\t<\/div>\n\t\t\t\t<\/div>\n\t\t<div class=\"elementor-element elementor-element-ba0c80e e-con-full e-flex e-con e-child\" data-id=\"ba0c80e\" data-element_type=\"container\" data-e-type=\"container\">\n\t\t\t\t<div class=\"elementor-element elementor-element-4fe7457 elementor-widget elementor-widget-heading\" data-id=\"4fe7457\" data-element_type=\"widget\" data-e-type=\"widget\" data-widget_type=\"heading.default\">\n\t\t\t\t<div class=\"elementor-widget-container\">\n\t\t\t\t\t<h2 class=\"elementor-heading-title elementor-size-default\">Recursos online para practicar la programaci\u00f3n<\/h2>\t\t\t\t<\/div>\n\t\t\t\t<\/div>\n\t\t\t\t<div class=\"elementor-element elementor-element-d28de74 elementor-widget elementor-widget-text-editor\" data-id=\"d28de74\" data-element_type=\"widget\" data-e-type=\"widget\" data-widget_type=\"text-editor.default\">\n\t\t\t\t<div class=\"elementor-widget-container\">\n\t\t\t\t\t\t\t\t\t<p><a href=\"https:\/\/bluebot.terrapinlogo.com\/\">BOTLEY EMULATOR<\/a><br \/><a href=\"https:\/\/scratch.mit.edu\/projects\/640383735\/fullscreen\/\">\u00a1PROGRAMMING IS FUN!<\/a><\/p>\t\t\t\t\t\t\t\t<\/div>\n\t\t\t\t<\/div>\n\t\t\t\t<\/div>\n\t\t\t\t\t<\/div>\n\t\t\t\t<\/div>\n\t\t\t\t<\/div>\n\t\t","protected":false},"excerpt":{"rendered":"<p>Descripci\u00f3n de la competencia El objetivo de la competencia es que los integrantes del equipo escuchen atentamente el reto planteado por el juez, programen correctamente el robot Botley\u00a0\u00a0y logren que [&hellip;]<\/p>\n","protected":false},"author":134,"featured_media":0,"parent":133010,"menu_order":0,"comment_status":"closed","ping_status":"closed","template":"elementor_canvas","meta":{"_acf_changed":false,"content-type":"","footnotes":""},"class_list":["post-133111","page","type-page","status-publish","hentry"],"acf":[],"yoast_head":"<!-- This site is optimized with the Yoast SEO plugin v27.1.1 - https:\/\/yoast.com\/product\/yoast-seo-wordpress\/ -->\n<title>Botley - Colegio Santa Francisca Romana: J\u00f3venes innovadoras | Colegios RedCol<\/title>\n<meta name=\"robots\" content=\"index, follow, max-snippet:-1, max-image-preview:large, max-video-preview:-1\" \/>\n<link rel=\"canonical\" href=\"https:\/\/csfr.edu.co\/es\/pachas-bot\/botley\/\" \/>\n<meta property=\"og:locale\" content=\"es_ES\" \/>\n<meta property=\"og:type\" content=\"article\" \/>\n<meta property=\"og:title\" content=\"Botley - Colegio Santa Francisca Romana: J\u00f3venes innovadoras | Colegios RedCol\" \/>\n<meta property=\"og:description\" content=\"Descripci\u00f3n de la competencia El objetivo de la competencia es que los integrantes del equipo escuchen atentamente el reto planteado por el juez, programen correctamente el robot Botley\u00a0\u00a0y logren que [&hellip;]\" \/>\n<meta property=\"og:url\" content=\"https:\/\/csfr.edu.co\/es\/pachas-bot\/botley\/\" \/>\n<meta property=\"og:site_name\" content=\"Colegio Santa Francisca Romana: J\u00f3venes innovadoras | Colegios RedCol\" \/>\n<meta property=\"article:publisher\" content=\"https:\/\/www.facebook.com\/ColSantaFranciscaRomana\/\" \/>\n<meta property=\"article:modified_time\" content=\"2026-02-18T16:30:05+00:00\" \/>\n<meta property=\"og:image\" content=\"https:\/\/csfr.edu.co\/wp-content\/uploads\/sites\/30\/2026\/02\/Banner-BOTLEY.jpg.jpeg?w=1921\" \/>\n<meta name=\"twitter:card\" content=\"summary_large_image\" \/>\n<meta name=\"twitter:label1\" content=\"Tiempo de lectura\" \/>\n\t<meta name=\"twitter:data1\" content=\"3 minutos\" \/>\n<script type=\"application\/ld+json\" class=\"yoast-schema-graph\">{\"@context\":\"https:\/\/schema.org\",\"@graph\":[{\"@type\":\"WebPage\",\"@id\":\"https:\/\/csfr.edu.co\/es\/pachas-bot\/botley\/\",\"url\":\"https:\/\/csfr.edu.co\/es\/pachas-bot\/botley\/\",\"name\":\"Botley - Colegio Santa Francisca Romana: J\u00f3venes innovadoras | Colegios RedCol\",\"isPartOf\":{\"@id\":\"https:\/\/csfr.edu.co\/es\/#website\"},\"primaryImageOfPage\":{\"@id\":\"https:\/\/csfr.edu.co\/es\/pachas-bot\/botley\/#primaryimage\"},\"image\":{\"@id\":\"https:\/\/csfr.edu.co\/es\/pachas-bot\/botley\/#primaryimage\"},\"thumbnailUrl\":\"https:\/\/csfr.edu.co\/wp-content\/uploads\/sites\/30\/2026\/02\/Banner-BOTLEY.jpg.jpeg?w=1921\",\"datePublished\":\"2026-02-18T14:55:00+00:00\",\"dateModified\":\"2026-02-18T16:30:05+00:00\",\"breadcrumb\":{\"@id\":\"https:\/\/csfr.edu.co\/es\/pachas-bot\/botley\/#breadcrumb\"},\"inLanguage\":\"es\",\"potentialAction\":[{\"@type\":\"ReadAction\",\"target\":[\"https:\/\/csfr.edu.co\/es\/pachas-bot\/botley\/\"]}]},{\"@type\":\"ImageObject\",\"inLanguage\":\"es\",\"@id\":\"https:\/\/csfr.edu.co\/es\/pachas-bot\/botley\/#primaryimage\",\"url\":\"https:\/\/csfr.edu.co\/wp-content\/uploads\/sites\/30\/2026\/02\/Banner-BOTLEY.jpg.jpeg?w=1921\",\"contentUrl\":\"https:\/\/csfr.edu.co\/wp-content\/uploads\/sites\/30\/2026\/02\/Banner-BOTLEY.jpg.jpeg?w=1921\"},{\"@type\":\"BreadcrumbList\",\"@id\":\"https:\/\/csfr.edu.co\/es\/pachas-bot\/botley\/#breadcrumb\",\"itemListElement\":[{\"@type\":\"ListItem\",\"position\":1,\"name\":\"Home\",\"item\":\"https:\/\/csfr.edu.co\/es\/\"},{\"@type\":\"ListItem\",\"position\":2,\"name\":\"PachasBot\",\"item\":\"https:\/\/csfr.edu.co\/es\/pachas-bot\/\"},{\"@type\":\"ListItem\",\"position\":3,\"name\":\"Botley\"}]},{\"@type\":\"WebSite\",\"@id\":\"https:\/\/csfr.edu.co\/es\/#website\",\"url\":\"https:\/\/csfr.edu.co\/es\/\",\"name\":\"Colegio Santa Francisca Romana: J\u00f3venes innovadoras | Colegios RedCol\",\"description\":\"El Colegio inspira a sus estudiantes a cultivar su ser interior y a que puedan descubrir su propia luz.\",\"publisher\":{\"@id\":\"https:\/\/csfr.edu.co\/es\/#organization\"},\"potentialAction\":[{\"@type\":\"SearchAction\",\"target\":{\"@type\":\"EntryPoint\",\"urlTemplate\":\"https:\/\/csfr.edu.co\/es\/?s={search_term_string}\"},\"query-input\":{\"@type\":\"PropertyValueSpecification\",\"valueRequired\":true,\"valueName\":\"search_term_string\"}}],\"inLanguage\":\"es\"},{\"@type\":\"Organization\",\"@id\":\"https:\/\/csfr.edu.co\/es\/#organization\",\"name\":\"Colegio Santa Francisca Romana: J\u00f3venes innovadoras | Colegios RedCol\",\"url\":\"https:\/\/csfr.edu.co\/es\/\",\"logo\":{\"@type\":\"ImageObject\",\"inLanguage\":\"es\",\"@id\":\"https:\/\/csfr.edu.co\/es\/#\/schema\/logo\/image\/\",\"url\":\"https:\/\/csfr.edu.co\/wp-content\/uploads\/sites\/30\/2024\/11\/Logo_Santa_Francisca_Romana.png\",\"contentUrl\":\"https:\/\/csfr.edu.co\/wp-content\/uploads\/sites\/30\/2024\/11\/Logo_Santa_Francisca_Romana.png\",\"width\":808,\"height\":389,\"caption\":\"Colegio Santa Francisca Romana: J\u00f3venes innovadoras | Colegios RedCol\"},\"image\":{\"@id\":\"https:\/\/csfr.edu.co\/es\/#\/schema\/logo\/image\/\"},\"sameAs\":[\"https:\/\/www.facebook.com\/ColSantaFranciscaRomana\/\",\"https:\/\/www.youtube.com\/channel\/UCH3xQUBr8q9Os2LGGVWVnLg\"]}]}<\/script>\n<!-- \/ Yoast SEO plugin. -->","yoast_head_json":{"title":"Botley - Colegio Santa Francisca Romana: J\u00f3venes innovadoras | Colegios RedCol","robots":{"index":"index","follow":"follow","max-snippet":"max-snippet:-1","max-image-preview":"max-image-preview:large","max-video-preview":"max-video-preview:-1"},"canonical":"https:\/\/csfr.edu.co\/es\/pachas-bot\/botley\/","og_locale":"es_ES","og_type":"article","og_title":"Botley - Colegio Santa Francisca Romana: J\u00f3venes innovadoras | Colegios RedCol","og_description":"Descripci\u00f3n de la competencia El objetivo de la competencia es que los integrantes del equipo escuchen atentamente el reto planteado por el juez, programen correctamente el robot Botley\u00a0\u00a0y logren que [&hellip;]","og_url":"https:\/\/csfr.edu.co\/es\/pachas-bot\/botley\/","og_site_name":"Colegio Santa Francisca Romana: J\u00f3venes innovadoras | Colegios RedCol","article_publisher":"https:\/\/www.facebook.com\/ColSantaFranciscaRomana\/","article_modified_time":"2026-02-18T16:30:05+00:00","og_image":[{"url":"https:\/\/csfr.edu.co\/wp-content\/uploads\/sites\/30\/2026\/02\/Banner-BOTLEY.jpg.jpeg?w=1921","type":"","width":"","height":""}],"twitter_card":"summary_large_image","twitter_misc":{"Tiempo de lectura":"3 minutos"},"schema":{"@context":"https:\/\/schema.org","@graph":[{"@type":"WebPage","@id":"https:\/\/csfr.edu.co\/es\/pachas-bot\/botley\/","url":"https:\/\/csfr.edu.co\/es\/pachas-bot\/botley\/","name":"Botley - Colegio Santa Francisca Romana: J\u00f3venes innovadoras | Colegios RedCol","isPartOf":{"@id":"https:\/\/csfr.edu.co\/es\/#website"},"primaryImageOfPage":{"@id":"https:\/\/csfr.edu.co\/es\/pachas-bot\/botley\/#primaryimage"},"image":{"@id":"https:\/\/csfr.edu.co\/es\/pachas-bot\/botley\/#primaryimage"},"thumbnailUrl":"https:\/\/csfr.edu.co\/wp-content\/uploads\/sites\/30\/2026\/02\/Banner-BOTLEY.jpg.jpeg?w=1921","datePublished":"2026-02-18T14:55:00+00:00","dateModified":"2026-02-18T16:30:05+00:00","breadcrumb":{"@id":"https:\/\/csfr.edu.co\/es\/pachas-bot\/botley\/#breadcrumb"},"inLanguage":"es","potentialAction":[{"@type":"ReadAction","target":["https:\/\/csfr.edu.co\/es\/pachas-bot\/botley\/"]}]},{"@type":"ImageObject","inLanguage":"es","@id":"https:\/\/csfr.edu.co\/es\/pachas-bot\/botley\/#primaryimage","url":"https:\/\/csfr.edu.co\/wp-content\/uploads\/sites\/30\/2026\/02\/Banner-BOTLEY.jpg.jpeg?w=1921","contentUrl":"https:\/\/csfr.edu.co\/wp-content\/uploads\/sites\/30\/2026\/02\/Banner-BOTLEY.jpg.jpeg?w=1921"},{"@type":"BreadcrumbList","@id":"https:\/\/csfr.edu.co\/es\/pachas-bot\/botley\/#breadcrumb","itemListElement":[{"@type":"ListItem","position":1,"name":"Home","item":"https:\/\/csfr.edu.co\/es\/"},{"@type":"ListItem","position":2,"name":"PachasBot","item":"https:\/\/csfr.edu.co\/es\/pachas-bot\/"},{"@type":"ListItem","position":3,"name":"Botley"}]},{"@type":"WebSite","@id":"https:\/\/csfr.edu.co\/es\/#website","url":"https:\/\/csfr.edu.co\/es\/","name":"Colegio Santa Francisca Romana: J\u00f3venes innovadoras | Colegios RedCol","description":"El Colegio inspira a sus estudiantes a cultivar su ser interior y a que puedan descubrir su propia luz.","publisher":{"@id":"https:\/\/csfr.edu.co\/es\/#organization"},"potentialAction":[{"@type":"SearchAction","target":{"@type":"EntryPoint","urlTemplate":"https:\/\/csfr.edu.co\/es\/?s={search_term_string}"},"query-input":{"@type":"PropertyValueSpecification","valueRequired":true,"valueName":"search_term_string"}}],"inLanguage":"es"},{"@type":"Organization","@id":"https:\/\/csfr.edu.co\/es\/#organization","name":"Colegio Santa Francisca Romana: J\u00f3venes innovadoras | Colegios RedCol","url":"https:\/\/csfr.edu.co\/es\/","logo":{"@type":"ImageObject","inLanguage":"es","@id":"https:\/\/csfr.edu.co\/es\/#\/schema\/logo\/image\/","url":"https:\/\/csfr.edu.co\/wp-content\/uploads\/sites\/30\/2024\/11\/Logo_Santa_Francisca_Romana.png","contentUrl":"https:\/\/csfr.edu.co\/wp-content\/uploads\/sites\/30\/2024\/11\/Logo_Santa_Francisca_Romana.png","width":808,"height":389,"caption":"Colegio Santa Francisca Romana: J\u00f3venes innovadoras | Colegios RedCol"},"image":{"@id":"https:\/\/csfr.edu.co\/es\/#\/schema\/logo\/image\/"},"sameAs":["https:\/\/www.facebook.com\/ColSantaFranciscaRomana\/","https:\/\/www.youtube.com\/channel\/UCH3xQUBr8q9Os2LGGVWVnLg"]}]}},"jetpack_sharing_enabled":true,"_links":{"self":[{"href":"https:\/\/csfr.edu.co\/es\/wp-json\/wp\/v2\/pages\/133111","targetHints":{"allow":["GET"]}}],"collection":[{"href":"https:\/\/csfr.edu.co\/es\/wp-json\/wp\/v2\/pages"}],"about":[{"href":"https:\/\/csfr.edu.co\/es\/wp-json\/wp\/v2\/types\/page"}],"author":[{"embeddable":true,"href":"https:\/\/csfr.edu.co\/es\/wp-json\/wp\/v2\/users\/134"}],"replies":[{"embeddable":true,"href":"https:\/\/csfr.edu.co\/es\/wp-json\/wp\/v2\/comments?post=133111"}],"version-history":[{"count":19,"href":"https:\/\/csfr.edu.co\/es\/wp-json\/wp\/v2\/pages\/133111\/revisions"}],"predecessor-version":[{"id":133313,"href":"https:\/\/csfr.edu.co\/es\/wp-json\/wp\/v2\/pages\/133111\/revisions\/133313"}],"up":[{"embeddable":true,"href":"https:\/\/csfr.edu.co\/es\/wp-json\/wp\/v2\/pages\/133010"}],"wp:attachment":[{"href":"https:\/\/csfr.edu.co\/es\/wp-json\/wp\/v2\/media?parent=133111"}],"curies":[{"name":"wp","href":"https:\/\/api.w.org\/{rel}","templated":true}]}}